{"id":804,"date":"2022-05-13T13:48:00","date_gmt":"2022-05-13T12:48:00","guid":{"rendered":"https:\/\/www.comunicandovida.com\/?page_id=804"},"modified":"2022-05-13T15:55:52","modified_gmt":"2022-05-13T14:55:52","slug":"rompiendo-barreras","status":"publish","type":"page","link":"https:\/\/www.comunicandovida.com\/en\/rompiendo-barreras\/","title":{"rendered":"Rompiendo Barreras"},"content":{"rendered":"<div style=\"height:30px\" aria-hidden=\"true\" class=\"wp-block-spacer\"><\/div>\n\n\n\n<h3 class=\"wp-block-heading\">Rompiendo Barreras es un programa de 12 sesiones que facilita la sanaci\u00f3n emocional, permite descubrir la identidad y prop\u00f3sito en Cristo, lo cual conlleva a disfrutar el dise\u00f1o perfecto de Dios.<\/h3>\n\n\n\n<p>Para m\u00e1s informaci\u00f3n contactar con Luz Zapata  <a href=\"mailto:luzk@comunicandovida.com\">luzk@comunicandovida.com<\/a><\/p>\n\n\n\n<div style=\"height:23px\" aria-hidden=\"true\" class=\"wp-block-spacer\"><\/div>\n\n\n\n<figure class=\"wp-block-image size-large\"><img loading=\"lazy\" decoding=\"async\" width=\"1024\" height=\"576\" src=\"https:\/\/www.comunicandovida.com\/wp-content\/uploads\/2022\/05\/7DA64700-F507-4368-9DB8-DB0235E7471D-2-1024x576.png\" alt=\"\" class=\"wp-image-839\" srcset=\"https:\/\/www.comunicandovida.com\/wp-content\/uploads\/2022\/05\/7DA64700-F507-4368-9DB8-DB0235E7471D-2-1024x576.png 1024w, https:\/\/www.comunicandovida.com\/wp-content\/uploads\/2022\/05\/7DA64700-F507-4368-9DB8-DB0235E7471D-2-300x169.png 300w, https:\/\/www.comunicandovida.com\/wp-content\/uploads\/2022\/05\/7DA64700-F507-4368-9DB8-DB0235E7471D-2-150x84.png 150w, https:\/\/www.comunicandovida.com\/wp-content\/uploads\/2022\/05\/7DA64700-F507-4368-9DB8-DB0235E7471D-2-768x432.png 768w, https:\/\/www.comunicandovida.com\/wp-content\/uploads\/2022\/05\/7DA64700-F507-4368-9DB8-DB0235E7471D-2-1536x864.png 1536w, https:\/\/www.comunicandovida.com\/wp-content\/uploads\/2022\/05\/7DA64700-F507-4368-9DB8-DB0235E7471D-2-18x10.png 18w, https:\/\/www.comunicandovida.com\/wp-content\/uploads\/2022\/05\/7DA64700-F507-4368-9DB8-DB0235E7471D-2.png 1920w\" sizes=\"auto, (max-width: 1024px) 100vw, 1024px\" \/><\/figure>\n\n\n\n<figure class=\"wp-block-image size-full\"><img loading=\"lazy\" decoding=\"async\" width=\"1024\" height=\"768\" src=\"https:\/\/www.comunicandovida.com\/wp-content\/uploads\/2022\/05\/2-1.png\" alt=\"\" class=\"wp-image-841\" srcset=\"https:\/\/www.comunicandovida.com\/wp-content\/uploads\/2022\/05\/2-1.png 1024w, https:\/\/www.comunicandovida.com\/wp-content\/uploads\/2022\/05\/2-1-300x225.png 300w, https:\/\/www.comunicandovida.com\/wp-content\/uploads\/2022\/05\/2-1-150x113.png 150w, https:\/\/www.comunicandovida.com\/wp-content\/uploads\/2022\/05\/2-1-768x576.png 768w, https:\/\/www.comunicandovida.com\/wp-content\/uploads\/2022\/05\/2-1-16x12.png 16w\" sizes=\"auto, (max-width: 1024px) 100vw, 1024px\" \/><\/figure>\n\n\n\n<figure class=\"wp-block-image size-full\"><img loading=\"lazy\" decoding=\"async\" width=\"1024\" height=\"768\" src=\"https:\/\/www.comunicandovida.com\/wp-content\/uploads\/2022\/05\/3-1.png\" alt=\"\" class=\"wp-image-842\" srcset=\"https:\/\/www.comunicandovida.com\/wp-content\/uploads\/2022\/05\/3-1.png 1024w, https:\/\/www.comunicandovida.com\/wp-content\/uploads\/2022\/05\/3-1-300x225.png 300w, https:\/\/www.comunicandovida.com\/wp-content\/uploads\/2022\/05\/3-1-150x113.png 150w, https:\/\/www.comunicandovida.com\/wp-content\/uploads\/2022\/05\/3-1-768x576.png 768w, https:\/\/www.comunicandovida.com\/wp-content\/uploads\/2022\/05\/3-1-16x12.png 16w\" sizes=\"auto, (max-width: 1024px) 100vw, 1024px\" \/><\/figure>\n\n\n\n<figure class=\"wp-block-image size-full\"><img loading=\"lazy\" decoding=\"async\" width=\"1024\" height=\"768\" src=\"https:\/\/www.comunicandovida.com\/wp-content\/uploads\/2022\/05\/4-1.png\" alt=\"\" class=\"wp-image-843\" srcset=\"https:\/\/www.comunicandovida.com\/wp-content\/uploads\/2022\/05\/4-1.png 1024w, https:\/\/www.comunicandovida.com\/wp-content\/uploads\/2022\/05\/4-1-300x225.png 300w, https:\/\/www.comunicandovida.com\/wp-content\/uploads\/2022\/05\/4-1-150x113.png 150w, https:\/\/www.comunicandovida.com\/wp-content\/uploads\/2022\/05\/4-1-768x576.png 768w, https:\/\/www.comunicandovida.com\/wp-content\/uploads\/2022\/05\/4-1-16x12.png 16w\" sizes=\"auto, (max-width: 1024px) 100vw, 1024px\" \/><\/figure>","protected":false},"excerpt":{"rendered":"<p>Rompiendo Barreras es un programa de 12 sesiones que facilita la sanaci\u00f3n emocional, permite descubrir la identidad y prop\u00f3sito en Cristo, lo cual conlleva a disfrutar el dise\u00f1o perfecto de&#8230;<\/p>","protected":false},"author":3,"featured_media":0,"parent":0,"menu_order":0,"comment_status":"closed","ping_status":"closed","template":"","meta":{"footnotes":""},"class_list":["post-804","page","type-page","status-publish"],"_links":{"self":[{"href":"https:\/\/www.comunicandovida.com\/en\/wp-json\/wp\/v2\/pages\/804","targetHints":{"allow":["GET"]}}],"collection":[{"href":"https:\/\/www.comunicandovida.com\/en\/wp-json\/wp\/v2\/pages"}],"about":[{"href":"https:\/\/www.comunicandovida.com\/en\/wp-json\/wp\/v2\/types\/page"}],"author":[{"embeddable":true,"href":"https:\/\/www.comunicandovida.com\/en\/wp-json\/wp\/v2\/users\/3"}],"replies":[{"embeddable":true,"href":"https:\/\/www.comunicandovida.com\/en\/wp-json\/wp\/v2\/comments?post=804"}],"version-history":[{"count":0,"href":"https:\/\/www.comunicandovida.com\/en\/wp-json\/wp\/v2\/pages\/804\/revisions"}],"wp:attachment":[{"href":"https:\/\/www.comunicandovida.com\/en\/wp-json\/wp\/v2\/media?parent=804"}],"curies":[{"name":"wp","href":"https:\/\/api.w.org\/{rel}","templated":true}]}}